{"id":21,"date":"2023-07-21T16:39:18","date_gmt":"2023-07-21T16:39:18","guid":{"rendered":"https:\/\/universaldeseguridad.com\/?page_id=21"},"modified":"2023-07-24T22:06:27","modified_gmt":"2023-07-24T22:06:27","slug":"seguridad-sin-armas","status":"publish","type":"page","link":"https:\/\/universaldeseguridad.com\/index.php\/seguridad-sin-armas\/","title":{"rendered":"SEGURIDAD SIN ARMAS"},"content":{"rendered":"\n<p>Con talento humano \u00edntegro,  entrenado y capacitado, comunicaci\u00f3n permanente, equipo adecuado, brindamos seguridad y protecci\u00f3n; a nuestros importantes clientes, su integridad  y patrimonio a nivel nacional .<\/p>\n\n\n\n<p><strong>\u00bfCOMO BRINDAMOS EL SERVICIO DE  SEGURIDAD SIN ARMAS ?<\/strong><\/p>\n\n\n\n<p>Existen entornos, instalaciones, infraestructura y negocios de nuestros importantes clientes a proteger en \u00e1reas geogr\u00e1ficas especificas urbanas, con riesgos y amenazas moderados, que permiten  la prestaci\u00f3n del servicio de vigilancia y seguridad sin armas,  bajo el estricto cumplimiento de los Principios Voluntarios en Seguridad y Derechos Humanos.<\/p>\n\n\n\n<p>Mediante rigurosos protocolos; adecuados a las necesidades particulares de cada uno de quienes conf\u00edan en nuestra experiencia, empleamos medios tecnol\u00f3gicos avanzados, aplicaci\u00f3n de Comando, Control, Control y Comunicaciones TOGO 3Ci \u00ae y supervisi\u00f3n permanente.<\/p>\n\n\n\n<p><br>\u00bf<strong>A QUIEN BRINDAMOS <strong> SERVICIOS DE  SEGURIDAD SIN  ARMAS <\/strong>? <\/strong><\/p>\n\n\n\n<p><\/p>\n\n\n\n<div class=\"wp-block-columns is-layout-flex wp-container-3\">\n<div class=\"wp-block-column is-layout-flow\">\n<p>Clientes Corporativos <\/p>\n\n\n\n<p><\/p>\n\n\n\n<p>Clientes Residenciales<\/p>\n\n\n\n<p><\/p>\n\n\n\n<p>Sector Financiero<\/p>\n\n\n\n<p><\/p>\n\n\n\n<p>Sector Agroindustrial<\/p>\n\n\n\n<p><\/p>\n\n\n\n<p>Sector Servicios<\/p>\n\n\n\n<p><\/p>\n\n\n\n<p>Sector Log\u00edstica y Transporte <\/p>\n\n\n\n<p><\/p>\n\n\n\n<p>Sector Construcci\u00f3n e Infraestructura<\/p>\n\n\n\n<p><\/p>\n\n\n\n<p>Sector Educativo<\/p>\n<\/div>\n\n\n\n<div class=\"wp-block-column is-layout-flow\">\n<figure class=\"wp-block-image size-full is-resized\"><img decoding=\"async\" loading=\"lazy\" src=\"https:\/\/universaldeseguridad.com\/wp-content\/uploads\/2023\/07\/imgSUSeguridadsinarmas.jpg\" alt=\"\" class=\"wp-image-195\" width=\"453\" height=\"715\" srcset=\"https:\/\/universaldeseguridad.com\/wp-content\/uploads\/2023\/07\/imgSUSeguridadsinarmas.jpg 460w, https:\/\/universaldeseguridad.com\/wp-content\/uploads\/2023\/07\/imgSUSeguridadsinarmas-190x300.jpg 190w\" sizes=\"(max-width: 453px) 100vw, 453px\" \/><\/figure>\n<\/div>\n<\/div>\n\n\n\n<p>\u00bf<strong>QUE BUSCAMOS CON<strong> LA PRESTACI\u00d3N DEL SERVICIO DE SEGURIDAD SIN  ARMAS <\/strong>? <\/strong><\/p>\n\n\n\n<p>Generar entornos seguros, para nuestros clientes en sus instalaciones, brindando protecci\u00f3n y vigilancia permanente, mediante el empleo de medios tecnol\u00f3gicos y equipos que reemplacen el empleo de armas.<\/p>\n\n\n\n<p>Efectuar actividades coordinadas a trav\u00e9s de nuestro Centro de Comando, Control, Comunicaciones e Informaci\u00f3n, CECON-C3i bajo la ESTRATEGIA de; \u00abanticipaci\u00f3n, disuasi\u00f3n, prevenci\u00f3n, detecci\u00f3n, retardo, control e intervenci\u00f3n oportuna; en coordinaci\u00f3n con la Polic\u00eda Nacional.<\/p>\n\n\n\n<p>Adaptarse a las necesidades  y expectativas de cada uno de nuestros importantes clientes.<\/p>\n\n\n\n<p>\u00bf<strong>QUE SERVICIOS DE SEGURIDAD SIN ARMAS BRINDAMOS ?<\/strong><\/p>\n\n\n\n<p>Seguridad Fija <\/p>\n\n\n\n<p>Seguridad M\u00f3vil <\/p>\n\n\n\n<p><\/p>\n\n\n\n<p><\/p>\n\n\n\n<p><\/p>\n","protected":false},"excerpt":{"rendered":"<p>Con talento humano \u00edntegro, entrenado y capacitado, comunicaci\u00f3n permanente, equipo adecuado, brindamos seguridad y protecci\u00f3n; a nuestros importantes clientes, su integridad y patrimonio a nivel nacional . \u00bfCOMO BRINDAMOS EL SERVICIO DE SEGURIDAD SIN ARMAS ? Existen entornos, instalaciones, infraestructura y negocios de nuestros importantes clientes a proteger en \u00e1reas geogr\u00e1ficas especificas urbanas, con riesgos &hellip;<\/p>\n<p class=\"read-more\"> <a class=\"\" href=\"https:\/\/universaldeseguridad.com\/index.php\/seguridad-sin-armas\/\"> <span class=\"screen-reader-text\">SEGURIDAD SIN ARMAS<\/span> Leer m\u00e1s &raquo;<\/a><\/p>\n","protected":false},"author":1,"featured_media":0,"parent":0,"menu_order":0,"comment_status":"closed","ping_status":"closed","template":"","meta":{"_uag_custom_page_level_css":"","site-sidebar-layout":"default","site-content-layout":"default","ast-global-header-display":"","ast-banner-title-visibility":"","ast-main-header-display":"","ast-hfb-above-header-display":"","ast-hfb-below-header-display":"","ast-hfb-mobile-header-display":"","site-post-title":"","ast-breadcrumbs-content":"","ast-featured-img":"","footer-sml-layout":"","theme-transparent-header-meta":"","adv-header-id-meta":"","stick-header-meta":"","header-above-stick-meta":"","header-main-stick-meta":"","header-below-stick-meta":""},"uagb_featured_image_src":{"full":false,"thumbnail":false,"medium":false,"medium_large":false,"large":false,"1536x1536":false,"2048x2048":false},"uagb_author_info":{"display_name":"director","author_link":"https:\/\/universaldeseguridad.com\/index.php\/author\/director\/"},"uagb_comment_info":0,"uagb_excerpt":"Con talento humano \u00edntegro, entrenado y capacitado, comunicaci\u00f3n permanente, equipo adecuado, brindamos seguridad y protecci\u00f3n; a nuestros importantes clientes, su integridad y patrimonio a nivel nacional . \u00bfCOMO BRINDAMOS EL SERVICIO DE SEGURIDAD SIN ARMAS ? Existen entornos, instalaciones, infraestructura y negocios de nuestros importantes clientes a proteger en \u00e1reas geogr\u00e1ficas especificas urbanas, con riesgos&hellip;","_links":{"self":[{"href":"https:\/\/universaldeseguridad.com\/index.php\/wp-json\/wp\/v2\/pages\/21"}],"collection":[{"href":"https:\/\/universaldeseguridad.com\/index.php\/wp-json\/wp\/v2\/pages"}],"about":[{"href":"https:\/\/universaldeseguridad.com\/index.php\/wp-json\/wp\/v2\/types\/page"}],"author":[{"embeddable":true,"href":"https:\/\/universaldeseguridad.com\/index.php\/wp-json\/wp\/v2\/users\/1"}],"replies":[{"embeddable":true,"href":"https:\/\/universaldeseguridad.com\/index.php\/wp-json\/wp\/v2\/comments?post=21"}],"version-history":[{"count":6,"href":"https:\/\/universaldeseguridad.com\/index.php\/wp-json\/wp\/v2\/pages\/21\/revisions"}],"predecessor-version":[{"id":196,"href":"https:\/\/universaldeseguridad.com\/index.php\/wp-json\/wp\/v2\/pages\/21\/revisions\/196"}],"wp:attachment":[{"href":"https:\/\/universaldeseguridad.com\/index.php\/wp-json\/wp\/v2\/media?parent=21"}],"curies":[{"name":"wp","href":"https:\/\/api.w.org\/{rel}","templated":true}]}}