{"id":24,"date":"2023-07-21T16:40:52","date_gmt":"2023-07-21T16:40:52","guid":{"rendered":"https:\/\/universaldeseguridad.com\/?page_id=24"},"modified":"2023-07-22T05:04:23","modified_gmt":"2023-07-22T05:04:23","slug":"asesoria-en-seguridad-y-proteccion","status":"publish","type":"page","link":"https:\/\/universaldeseguridad.com\/index.php\/asesoria-en-seguridad-y-proteccion\/","title":{"rendered":"CONSULTOR\u00cdA Y ASESOR\u00cdA EN GESTI\u00d3N DEL RIESGO CORPORATIVO"},"content":{"rendered":"\n<p>Contamos con capacidad de efectuar los an\u00e1lisis de riesgos y amenazas, bajo par\u00e1metros de las normas; ISO 31000:2018 Gesti\u00f3n del Riesgo, BASC V6-2022 e ISO 22301 Gesti\u00f3n Continuidad de Negocio, para garantizar las operaciones de nuestros clientes.<\/p>\n\n\n\n<div class=\"wp-block-group is-layout-constrained\"><div class=\"wp-block-group__inner-container\">\n<figure class=\"wp-block-image alignright size-full is-resized wp-image-905\"><img decoding=\"async\" loading=\"lazy\" class=\"wp-image-1575\" src=\"http:\/\/localhost\/universaldeseguridad\/wp-content\/uploads\/2023\/07\/escolta1.jpeg\" alt=\"\" width=\"324\" height=\"243\" \/><\/figure>\n<\/div><\/div>\n\n\n\n<p><strong>\u00bfCOMO HACEMOS LA CONSULTOR\u00cdA Y ASESOR\u00cdA EN GESTI\u00d3N DEL RIESGO CORPORATIVO  ?<\/strong><\/p>\n\n\n\n<p>Nuestro talento humano especializado en gesti\u00f3n de riesgo y atenci\u00f3n de crisis, con herramientas adecuadas y software \u00ae desarrollado por nuestra empresa, realizamos un an\u00e1lisis de riesgos y amenazas, caracterizando cada una de las operaciones y procesos de negocio de nuestros clientes, efectuando recomendaciones, controles y tratamiento, mediante la propuesta de soluciones especializadas, buscando la anticipaci\u00f3n, minimizaci\u00f3n del impacto ante eventos adversos, para garantizar la la continuidad de negocio.<\/p>\n\n\n\n<p><br>\u00bf<strong>PARA QUIEN HACEMOS <strong> LA CONSULTOR\u00cdA Y ASESOR\u00cdA EN GESTI\u00d3N DEL RIESGO CORPORATIVO  ?<\/strong><\/strong><\/p>\n\n\n\n<p> Sectores; Oil &amp;Gas, Minero Energ\u00e9tico, Construcci\u00f3n e Infraestructura, Agroindustrial, Financiero, Servicios, Log\u00edstica y Transporte.<\/p>\n\n\n\n<p>Grandes ,medianas o peque\u00f1as empresas y comercios de cualquier sector de la econom\u00eda nacional.<\/p>\n\n\n\n<p>Personas naturales o jur\u00eddicas p\u00fablicas o privadas.<\/p>\n\n\n\n<p>\u00bf<strong>QUE BUSCAMOS CON <strong> LA CONSULTOR\u00cdA Y ASESOR\u00cdA EN GESTI\u00d3N DEL RIESGO CORPORATIVO  ?<\/strong><\/strong><\/p>\n\n\n\n<p>Evaluar riesgos, amenazas y controles, a fin de anticipar la materializaci\u00f3n de eventos.<\/p>\n\n\n\n<p> Coordinar  con autoridades de Polic\u00eda, FFMM, Fiscal\u00eda General de la Naci\u00f3n, regionales, locales del entorno, grupos de inter\u00e9s y comunidades,  para lograr la correcta ejecuci\u00f3n de los planes y proyectos de nuestro clientes, buscando operaciones seguras y permanentes para nuestros clientes.<\/p>\n\n\n\n<p>Efectuar reacci\u00f3n y coordinar apoyo con las autoridades en caso de emergencia y contingencia.<\/p>\n\n\n\n<p>\u00bf<strong>QUE SERVICIOS DE <strong><strong>CONSULTOR\u00cdA Y ASESOR\u00cdA EN GESTI\u00d3N DEL RIESGO CORPORATIVO  <strong>BRINDAMOS<\/strong>?<\/strong><\/strong><\/strong><\/p>\n\n\n\n<p>Elaboramos y gestionamos 7 x 24 : planes y protocolos de; operaci\u00f3n, contingencia, emergencia, extracci\u00f3n y evacuaci\u00f3n de los sitios de operaci\u00f3n de nuestros clientes a nivel nacional, proveyendo medios de transporte terrestres , a\u00e9reos y acu\u00e1ticos.<\/p>\n\n\n\n<p>Gerenciamiento de viaje<\/p>\n\n\n\n<p>Apoyo a emergencias de la naturaleza.<\/p>\n\n\n\n<p><\/p>\n\n\n\n<p><\/p>\n","protected":false},"excerpt":{"rendered":"<p>Contamos con capacidad de efectuar los an\u00e1lisis de riesgos y amenazas, bajo par\u00e1metros de las normas; ISO 31000:2018 Gesti\u00f3n del Riesgo, BASC V6-2022 e ISO 22301 Gesti\u00f3n Continuidad de Negocio, para garantizar las operaciones de nuestros clientes. \u00bfCOMO HACEMOS LA CONSULTOR\u00cdA Y ASESOR\u00cdA EN GESTI\u00d3N DEL RIESGO CORPORATIVO ? Nuestro talento humano especializado en gesti\u00f3n &hellip;<\/p>\n<p class=\"read-more\"> <a class=\"\" href=\"https:\/\/universaldeseguridad.com\/index.php\/asesoria-en-seguridad-y-proteccion\/\"> <span class=\"screen-reader-text\">CONSULTOR\u00cdA Y ASESOR\u00cdA EN GESTI\u00d3N DEL RIESGO CORPORATIVO<\/span> Leer m\u00e1s &raquo;<\/a><\/p>\n","protected":false},"author":1,"featured_media":0,"parent":0,"menu_order":0,"comment_status":"closed","ping_status":"closed","template":"","meta":{"_uag_custom_page_level_css":"","site-sidebar-layout":"default","site-content-layout":"default","ast-global-header-display":"","ast-banner-title-visibility":"","ast-main-header-display":"","ast-hfb-above-header-display":"","ast-hfb-below-header-display":"","ast-hfb-mobile-header-display":"","site-post-title":"","ast-breadcrumbs-content":"","ast-featured-img":"","footer-sml-layout":"","theme-transparent-header-meta":"","adv-header-id-meta":"","stick-header-meta":"","header-above-stick-meta":"","header-main-stick-meta":"","header-below-stick-meta":""},"uagb_featured_image_src":{"full":false,"thumbnail":false,"medium":false,"medium_large":false,"large":false,"1536x1536":false,"2048x2048":false},"uagb_author_info":{"display_name":"director","author_link":"https:\/\/universaldeseguridad.com\/index.php\/author\/director\/"},"uagb_comment_info":0,"uagb_excerpt":"Contamos con capacidad de efectuar los an\u00e1lisis de riesgos y amenazas, bajo par\u00e1metros de las normas; ISO 31000:2018 Gesti\u00f3n del Riesgo, BASC V6-2022 e ISO 22301 Gesti\u00f3n Continuidad de Negocio, para garantizar las operaciones de nuestros clientes. \u00bfCOMO HACEMOS LA CONSULTOR\u00cdA Y ASESOR\u00cdA EN GESTI\u00d3N DEL RIESGO CORPORATIVO ? Nuestro talento humano especializado en gesti\u00f3n&hellip;","_links":{"self":[{"href":"https:\/\/universaldeseguridad.com\/index.php\/wp-json\/wp\/v2\/pages\/24"}],"collection":[{"href":"https:\/\/universaldeseguridad.com\/index.php\/wp-json\/wp\/v2\/pages"}],"about":[{"href":"https:\/\/universaldeseguridad.com\/index.php\/wp-json\/wp\/v2\/types\/page"}],"author":[{"embeddable":true,"href":"https:\/\/universaldeseguridad.com\/index.php\/wp-json\/wp\/v2\/users\/1"}],"replies":[{"embeddable":true,"href":"https:\/\/universaldeseguridad.com\/index.php\/wp-json\/wp\/v2\/comments?post=24"}],"version-history":[{"count":13,"href":"https:\/\/universaldeseguridad.com\/index.php\/wp-json\/wp\/v2\/pages\/24\/revisions"}],"predecessor-version":[{"id":133,"href":"https:\/\/universaldeseguridad.com\/index.php\/wp-json\/wp\/v2\/pages\/24\/revisions\/133"}],"wp:attachment":[{"href":"https:\/\/universaldeseguridad.com\/index.php\/wp-json\/wp\/v2\/media?parent=24"}],"curies":[{"name":"wp","href":"https:\/\/api.w.org\/{rel}","templated":true}]}}