{"id":26,"date":"2023-07-21T16:41:46","date_gmt":"2023-07-21T16:41:46","guid":{"rendered":"https:\/\/universaldeseguridad.com\/?page_id=26"},"modified":"2023-07-24T22:24:35","modified_gmt":"2023-07-24T22:24:35","slug":"seguridad-electronica__trashed","status":"publish","type":"page","link":"https:\/\/universaldeseguridad.com\/index.php\/seguridad-electronica__trashed\/","title":{"rendered":"SEGURIDAD ELECTR\u00d3NICA Y DIGITAL"},"content":{"rendered":"\n<p> En un mundo cambiante, innovamos con soluciones de seguridad electr\u00f3nica y digital ,  basadas en nuestra experiencia de m\u00e1s de 43 a\u00f1os, empleando la anal\u00edtica y los datos recolectados para anticiparse a eventos adversos.<\/p>\n\n\n<p>\u00a0<\/p>\n<figure class=\"wp-block-image alignright size-full is-resized wp-image-905\"><\/figure>\n\n\n<p><strong>\u00bfCOMO BRINDAMOS EL SERVICIO DE SEGURIDAD ELECTR\u00d3NICA Y DIGITAL?<\/strong><\/p>\n\n\n\n<figure class=\"wp-block-image alignright size-full is-resized\"><img decoding=\"async\" loading=\"lazy\" src=\"https:\/\/universaldeseguridad.com\/wp-content\/uploads\/2023\/07\/imgUS-SEGURIDAD-ELECTRONICA-Y-DIGITAL-1.jpg\" alt=\"\" class=\"wp-image-201\" width=\"375\" height=\"281\" srcset=\"https:\/\/universaldeseguridad.com\/wp-content\/uploads\/2023\/07\/imgUS-SEGURIDAD-ELECTRONICA-Y-DIGITAL-1.jpg 800w, https:\/\/universaldeseguridad.com\/wp-content\/uploads\/2023\/07\/imgUS-SEGURIDAD-ELECTRONICA-Y-DIGITAL-1-300x225.jpg 300w, https:\/\/universaldeseguridad.com\/wp-content\/uploads\/2023\/07\/imgUS-SEGURIDAD-ELECTRONICA-Y-DIGITAL-1-768x576.jpg 768w\" sizes=\"(max-width: 375px) 100vw, 375px\" \/><\/figure>\n\n\n\n<p>Integramos sistemas inteligentes de protecci\u00f3n que incluyen anal\u00edtica , dise\u00f1ados e implementados acorde a las necesidades de nuestros clientes, con mantenimiento adecuado y gesti\u00f3n oportuna sobre las se\u00f1ales de alerta emitidas y atendidas por parte de nuestro Centro de Control, Comando, Comunicaciones e Informaci\u00f3n -CECON C3i, para garantizar la continuidad de negocio.<\/p>\n\n\n\n<p>Aplicamos tecnolog\u00edas emergentes (inteligencia artificial IA, an\u00e1lisis de datos, reconocimiento facial, conteo de personas, sistemas de lectura de placas LPR e im\u00e1genes t\u00e9rmicas)<\/p>\n\n\n\n<p>Mediante rigurosos protocolos; adecuados a las necesidades particulares de cada uno de quienes conf\u00edan en nuestra experiencia, empleamos medios tecnol\u00f3gicos avanzados, aplicaci\u00f3n de Comando, Control, Control y Comunicaciones TOGO 3Ci \u00ae y supervisi\u00f3n permanente.<\/p>\n\n\n\n<p><br>\u00bf<strong>A QUIEN BRINDAMOS<strong> EL SERVICIO DE SEGURIDAD ELECTR\u00d3NICA Y DIGITAL?<\/strong><\/strong><\/p>\n\n\n\n<p>Clientes Corporativos. <\/p>\n\n\n\n<p>Clientes Residenciales.<\/p>\n\n\n\n<p>Sector Financiero.<\/p>\n\n\n\n<p>Sector Agroindustrial.<\/p>\n\n\n\n<p>Sector Servicios.<\/p>\n\n\n\n<p>Sector Log\u00edstica y Transporte. <\/p>\n\n\n\n<p>Sector Construcci\u00f3n e Infraestructura.<\/p>\n\n\n\n<p>\u00bf<strong>QUE BUSCAMOS CON<strong> LA PRESTACI\u00d3N DEL <strong>SERVICIO DE SEGURIDAD ELECTR\u00d3NICA Y DIGITAL?<\/strong><\/strong> <\/strong><\/p>\n\n\n\n<p>Colocar la tecnolog\u00eda y medios disponibles al servicio de las actividades de seguridad, mediante el empleo de herramientas de anal\u00edtica y an\u00e1lisis de datos que permitan anticipar la materializaci\u00f3n de riesgos y amenazas y en caso de presentarse apoyar un oportuno control y reacci\u00f3n <\/p>\n\n\n\n<p>Efectuar actividades coordinadas a trav\u00e9s de nuestro Centro de Comando, Control, Comunicaciones e Informaci\u00f3n, CECON-C3i bajo la ESTRATEGIA de; \u00abanticipaci\u00f3n, disuasi\u00f3n, prevenci\u00f3n, detecci\u00f3n, retardo, control e intervenci\u00f3n oportuna; en coordinaci\u00f3n con la Polic\u00eda Nacional.<\/p>\n\n\n\n<p>Adaptarse a las necesidades  y expectativas de cada uno de nuestros importantes clientes.<\/p>\n\n\n\n<p>\u00bf<strong>QUE SERVICIOS <strong>  DE SEGURIDAD ELECTR\u00d3NICA Y DIGITAL <\/strong><\/strong><strong>BRINDAMOS ?<\/strong><\/p>\n\n\n\n<p><\/p>\n\n\n\n<p>Centro de Control, Comando, Comunicaciones e Informaci\u00f3n CECON C3i principal y alterno bajo est\u00e1ndar ISO 11064<\/p>\n\n\n\n<p><\/p>\n\n\n\n<p>Security Operation Center (SOC)<\/p>\n\n\n\n<p><\/p>\n\n\n\n<p>Plataforma de recepci\u00f3n y administraci\u00f3n de se\u00f1ales de alarma (p\u00e1nico, incendio, robo).<\/p>\n\n\n\n<p><\/p>\n\n\n\n<p>Data center de alta disponibilidad (HA).<\/p>\n\n\n\n<p><\/p>\n\n\n\n<p>Servidores de monitoreo de eventos.<\/p>\n\n\n\n<p>Monitoreo de sistema de video vigilancia.<\/p>\n\n\n\n<p><\/p>\n\n\n\n<p><br><\/p>\n","protected":false},"excerpt":{"rendered":"<p>En un mundo cambiante, innovamos con soluciones de seguridad electr\u00f3nica y digital , basadas en nuestra experiencia de m\u00e1s de 43 a\u00f1os, empleando la anal\u00edtica y los datos recolectados para anticiparse a eventos adversos. \u00a0 \u00bfCOMO BRINDAMOS EL SERVICIO DE SEGURIDAD ELECTR\u00d3NICA Y DIGITAL? Integramos sistemas inteligentes de protecci\u00f3n que incluyen anal\u00edtica , dise\u00f1ados e &hellip;<\/p>\n<p class=\"read-more\"> <a class=\"\" href=\"https:\/\/universaldeseguridad.com\/index.php\/seguridad-electronica__trashed\/\"> <span class=\"screen-reader-text\">SEGURIDAD ELECTR\u00d3NICA Y DIGITAL<\/span> Leer m\u00e1s &raquo;<\/a><\/p>\n","protected":false},"author":1,"featured_media":0,"parent":0,"menu_order":0,"comment_status":"closed","ping_status":"closed","template":"","meta":{"_uag_custom_page_level_css":"","site-sidebar-layout":"default","site-content-layout":"default","ast-global-header-display":"","ast-banner-title-visibility":"","ast-main-header-display":"","ast-hfb-above-header-display":"","ast-hfb-below-header-display":"","ast-hfb-mobile-header-display":"","site-post-title":"","ast-breadcrumbs-content":"","ast-featured-img":"","footer-sml-layout":"","theme-transparent-header-meta":"","adv-header-id-meta":"","stick-header-meta":"","header-above-stick-meta":"","header-main-stick-meta":"","header-below-stick-meta":""},"uagb_featured_image_src":{"full":false,"thumbnail":false,"medium":false,"medium_large":false,"large":false,"1536x1536":false,"2048x2048":false},"uagb_author_info":{"display_name":"director","author_link":"https:\/\/universaldeseguridad.com\/index.php\/author\/director\/"},"uagb_comment_info":0,"uagb_excerpt":"En un mundo cambiante, innovamos con soluciones de seguridad electr\u00f3nica y digital , basadas en nuestra experiencia de m\u00e1s de 43 a\u00f1os, empleando la anal\u00edtica y los datos recolectados para anticiparse a eventos adversos. \u00a0 \u00bfCOMO BRINDAMOS EL SERVICIO DE SEGURIDAD ELECTR\u00d3NICA Y DIGITAL? Integramos sistemas inteligentes de protecci\u00f3n que incluyen anal\u00edtica , dise\u00f1ados e&hellip;","_links":{"self":[{"href":"https:\/\/universaldeseguridad.com\/index.php\/wp-json\/wp\/v2\/pages\/26"}],"collection":[{"href":"https:\/\/universaldeseguridad.com\/index.php\/wp-json\/wp\/v2\/pages"}],"about":[{"href":"https:\/\/universaldeseguridad.com\/index.php\/wp-json\/wp\/v2\/types\/page"}],"author":[{"embeddable":true,"href":"https:\/\/universaldeseguridad.com\/index.php\/wp-json\/wp\/v2\/users\/1"}],"replies":[{"embeddable":true,"href":"https:\/\/universaldeseguridad.com\/index.php\/wp-json\/wp\/v2\/comments?post=26"}],"version-history":[{"count":12,"href":"https:\/\/universaldeseguridad.com\/index.php\/wp-json\/wp\/v2\/pages\/26\/revisions"}],"predecessor-version":[{"id":202,"href":"https:\/\/universaldeseguridad.com\/index.php\/wp-json\/wp\/v2\/pages\/26\/revisions\/202"}],"wp:attachment":[{"href":"https:\/\/universaldeseguridad.com\/index.php\/wp-json\/wp\/v2\/media?parent=26"}],"curies":[{"name":"wp","href":"https:\/\/api.w.org\/{rel}","templated":true}]}}