{"id":28,"date":"2023-07-21T16:42:29","date_gmt":"2023-07-21T16:42:29","guid":{"rendered":"https:\/\/universaldeseguridad.com\/?page_id=28"},"modified":"2023-07-22T01:59:32","modified_gmt":"2023-07-22T01:59:32","slug":"seguridad-digital","status":"publish","type":"page","link":"https:\/\/universaldeseguridad.com\/index.php\/seguridad-digital\/","title":{"rendered":"SEGURIDAD M\u00d3VIL &#038; H\u00cdBRIDA\u00ae"},"content":{"rendered":"\n<p>Brindamos un servicio de seguridad y vigilancia, combinando actividades presenciales, remotas e integradas con seguridad electr\u00f3nica y coordinadas a trav\u00e9s de nuestro Centro de Comando, Control, Comunicaciones e Informaci\u00f3n, CECON-C3i bajo la ESTRATEGIA de; \u00abanticipaci\u00f3n, disuasi\u00f3n, prevenci\u00f3n, detecci\u00f3n, retardo, control e intervenci\u00f3n oportuna;  en coordinaci\u00f3n con la Polic\u00eda Nacional  y otras Compa\u00f1\u00edas de Seguridad , generando entornos seguros y adapt\u00e1ndonos a las necesidades, presupuesto  y expectativas de cada uno de nuestros importantes clientes.<\/p>\n\n\n\n<figure class=\"wp-block-image alignright size-full is-resized wp-image-905\"><img decoding=\"async\" loading=\"lazy\" src=\"http:\/\/localhost\/universaldeseguridad\/wp-content\/uploads\/2023\/07\/escolta1.jpeg\" alt=\"\" class=\"wp-image-1575\" width=\"324\" height=\"243\"\/><\/figure>\n\n\n\n<p><strong>\u00bfCOMO HACEMOS  LA SEGURIDAD M\u00d3VIL &amp; H\u00cdBRIDA\u00ae ?<\/strong><\/p>\n\n\n\n<p>Nuestro personal de supervisores motorizados , efect\u00faan patrullajes aleatorios en las zonas espec\u00edficas a proteger y coordinados con nuestro CECON-C3i , efectuando inspecciones, a las instalaciones o residencias de nuestros clientes, ubicadas en \u00e1reas  geogr\u00e1ficas colindantes, adapt\u00e1ndonos a las necesidades de cada uno de ellos, en coordinaci\u00f3n permanente con las autoridades locales; de Polic\u00eda Nacional  en zona urbana y Ej\u00e9rcito Nacional en zonas rurales, generando reacci\u00f3n y apoyo.<\/p>\n\n\n\n<p><br>\u00bf<strong>PARA QUIEN HACEMOS LA SEGURIDAD M\u00d3VIL &amp; H\u00cdBRIDA \u00ae  ? <\/strong><\/p>\n\n\n\n<p>Para el segmento residencial, corporativo, grandes ,medianas o peque\u00f1as empresas y comercios de cualquier sector de la econom\u00eda nacional, geo-referenciado en nuestras \u00e1reas de operaci\u00f3n urbana o rural a nivel nacional, donde tengamos presencia.<\/p>\n\n\n\n<p>\u00bf<strong>QUE BUSCAMOS CON LA SEGURIDAD M\u00d3VIL &amp;  H\u00cdBRIDA \u00ae? <\/strong><\/p>\n\n\n\n<p>Evaluar riesgos y amenazas, a fin de anticipar la materializaci\u00f3n de eventos.<\/p>\n\n\n\n<p>Efectuar reacci\u00f3n y coordinar apoyo con las autoridades en caso de emergencia y contingencia.<\/p>\n\n\n\n<p>Disminuir costos, comparativamente con los servicios de seguridad fija.<\/p>\n\n\n\n<p>Brindar oportunidad a otro segmento de clientes, que requieren de nuestros servicios.<\/p>\n\n\n\n<p>\u00bf<strong>QUE SERVICIOS DE SEGURIDAD M\u00d3VIL &amp; H\u00cdBRIDA BRINDAMOS \u00ae?<\/strong><\/p>\n\n\n\n<p>Escolta a personas VIP.<\/p>\n\n\n\n<p>Servicio Centro de Control, CECON-C3i, para operaciones de clientes corporativos.<\/p>\n\n\n\n<p>Seguridad remota.<\/p>\n\n\n\n<p>Escolta a  carga cr\u00edtica.<\/p>\n\n\n\n<p>Reacci\u00f3n ante recepci\u00f3n de se\u00f1ales de alarma o llamado de emergencia.<\/p>\n\n\n\n<p>Apertura, cierre y control de cajeros electr\u00f3nicos.<\/p>\n\n\n\n<p>Seguridad y control de personal, apertura y cierre de sitios.<\/p>\n\n\n\n<p>Patrullajes aleatorios.<\/p>\n\n\n\n<p>Apoyo a emergencias de la naturaleza.<\/p>\n\n\n\n<p>Apoyo a las operaciones de recaudo de valores.<\/p>\n","protected":false},"excerpt":{"rendered":"<p>Brindamos un servicio de seguridad y vigilancia, combinando actividades presenciales, remotas e integradas con seguridad electr\u00f3nica y coordinadas a trav\u00e9s de nuestro Centro de Comando, Control, Comunicaciones e Informaci\u00f3n, CECON-C3i bajo la ESTRATEGIA de; \u00abanticipaci\u00f3n, disuasi\u00f3n, prevenci\u00f3n, detecci\u00f3n, retardo, control e intervenci\u00f3n oportuna; en coordinaci\u00f3n con la Polic\u00eda Nacional y otras Compa\u00f1\u00edas de Seguridad , &hellip;<\/p>\n<p class=\"read-more\"> <a class=\"\" href=\"https:\/\/universaldeseguridad.com\/index.php\/seguridad-digital\/\"> <span class=\"screen-reader-text\">SEGURIDAD M\u00d3VIL &#038; H\u00cdBRIDA\u00ae<\/span> Leer m\u00e1s &raquo;<\/a><\/p>\n","protected":false},"author":1,"featured_media":0,"parent":0,"menu_order":0,"comment_status":"closed","ping_status":"closed","template":"","meta":{"_uag_custom_page_level_css":"","site-sidebar-layout":"default","site-content-layout":"default","ast-global-header-display":"","ast-banner-title-visibility":"","ast-main-header-display":"","ast-hfb-above-header-display":"","ast-hfb-below-header-display":"","ast-hfb-mobile-header-display":"","site-post-title":"","ast-breadcrumbs-content":"","ast-featured-img":"","footer-sml-layout":"","theme-transparent-header-meta":"","adv-header-id-meta":"","stick-header-meta":"","header-above-stick-meta":"","header-main-stick-meta":"","header-below-stick-meta":""},"uagb_featured_image_src":{"full":false,"thumbnail":false,"medium":false,"medium_large":false,"large":false,"1536x1536":false,"2048x2048":false},"uagb_author_info":{"display_name":"director","author_link":"https:\/\/universaldeseguridad.com\/index.php\/author\/director\/"},"uagb_comment_info":0,"uagb_excerpt":"Brindamos un servicio de seguridad y vigilancia, combinando actividades presenciales, remotas e integradas con seguridad electr\u00f3nica y coordinadas a trav\u00e9s de nuestro Centro de Comando, Control, Comunicaciones e Informaci\u00f3n, CECON-C3i bajo la ESTRATEGIA de; \u00abanticipaci\u00f3n, disuasi\u00f3n, prevenci\u00f3n, detecci\u00f3n, retardo, control e intervenci\u00f3n oportuna; en coordinaci\u00f3n con la Polic\u00eda Nacional y otras Compa\u00f1\u00edas de Seguridad ,&hellip;","_links":{"self":[{"href":"https:\/\/universaldeseguridad.com\/index.php\/wp-json\/wp\/v2\/pages\/28"}],"collection":[{"href":"https:\/\/universaldeseguridad.com\/index.php\/wp-json\/wp\/v2\/pages"}],"about":[{"href":"https:\/\/universaldeseguridad.com\/index.php\/wp-json\/wp\/v2\/types\/page"}],"author":[{"embeddable":true,"href":"https:\/\/universaldeseguridad.com\/index.php\/wp-json\/wp\/v2\/users\/1"}],"replies":[{"embeddable":true,"href":"https:\/\/universaldeseguridad.com\/index.php\/wp-json\/wp\/v2\/comments?post=28"}],"version-history":[{"count":3,"href":"https:\/\/universaldeseguridad.com\/index.php\/wp-json\/wp\/v2\/pages\/28\/revisions"}],"predecessor-version":[{"id":103,"href":"https:\/\/universaldeseguridad.com\/index.php\/wp-json\/wp\/v2\/pages\/28\/revisions\/103"}],"wp:attachment":[{"href":"https:\/\/universaldeseguridad.com\/index.php\/wp-json\/wp\/v2\/media?parent=28"}],"curies":[{"name":"wp","href":"https:\/\/api.w.org\/{rel}","templated":true}]}}