{"id":36,"date":"2023-07-21T16:59:06","date_gmt":"2023-07-21T16:59:06","guid":{"rendered":"https:\/\/universaldeseguridad.com\/?page_id=36"},"modified":"2023-07-22T06:08:34","modified_gmt":"2023-07-22T06:08:34","slug":"proposito","status":"publish","type":"page","link":"https:\/\/universaldeseguridad.com\/index.php\/proposito\/","title":{"rendered":"Prop\u00f3sito"},"content":{"rendered":"\n<h1 class=\"wp-block-heading\">Qui\u00e9nes Somos<\/h1>\n\n\n\n<p>Somos una compa\u00f1\u00eda de seguridad privada con todos los servicios autorizados (vigilancia fija, vigilancia m\u00f3vil, con la utilizaci\u00f3n de armas de fuego, sin armas ,medio tecnol\u00f3gico y servicios conexo de  consultor\u00eda, asesor\u00eda e investigaci\u00f3n, escolta a personas, mercanc\u00edas y veh\u00edculos) fundada en 1980 y regulada por la Supervigilancia, con licencia vigente; hasta el abril de 2029. <\/p>\n\n\n\n<p><\/p>\n\n\n\n<p><\/p>\n\n\n\n<h2 class=\"wp-block-heading\">Misi\u00f3n<\/h2>\n\n\n\n<p>Satisfacci\u00f3n permanente de las necesidades y requerimientos de vigilancia y seguridad privada para todos los sectores de la econom\u00eda nacional, con atenci\u00f3n personalizada, cubrimiento integral de servicios. Trabajando de manera proactiva, honesta y responsable con el compromiso adquirido con nuestros protegidos, colaboradores, el estado, la comunidad y el medio ambiente.<\/p>\n\n\n\n<h2 class=\"wp-block-heading\">Visi\u00f3n<\/h2>\n\n\n\n<p class=\"has-text-align-left\">Ser antes de finalizar el a\u00f1os 2025, una empresa de seguridad privada rentablemente competitiva basada en la tecnolog\u00eda para los servicios generados. Contar con todas las modalidades autorizadas para el servicio de vigilancia y cumplir con todas las exigencias legales.<\/p>\n\n\n\n<h2 class=\"wp-block-heading\">Pol\u00edtica Integral<\/h2>\n\n\n\n<p>UNIVERSAL DE SEGURIDAD LTDA en adelante U.S,  organizaci\u00f3n dedicada a la prestaci\u00f3n  de servicios de vigilancia y seguridad privada, para diversos sectores de la econom\u00eda nacional. Busca garantizar, la seguridad y calidad del servicio, la seguridad y la salud de los colaboradores y el cuidado de medio ambiente, mediante el compromiso de: <\/p>\n\n\n\n<ul>\n<li>Suministrar los recursos tecnol\u00f3gicos, financieros, materiales y humanos necesarios para la implementaci\u00f3n, mantenimiento y la mejora continua del Sistema Integrado de Gesti\u00f3n.<\/li>\n\n\n\n<li>Cumplir los requisitos legales, contractuales, organizacionales, de otra \u00edndole y otros acuerdos suscritos que son aplicables a U.S , relacionados con la seguridad y salud en el trabajo, el medio ambiente, la calidad, la seguridad f\u00edsica, la ciberseguridad, la seguridad de la informaci\u00f3n, la protecci\u00f3n de los datos, la prevenci\u00f3n del riesgo lavado de activos y la financiaci\u00f3n del terrorismo (LA\/FT) mediante:<\/li>\n\n\n\n<li>La identificaci\u00f3n de peligros y aspectos laborales y ambientales, evalu\u00e1ndolos, valor\u00e1ndolos para establecer los controles enfocados a prevenir:<\/li>\n\n\n\n<li>Lesiones, accidentes de trabajo y enfermedades laborales en los colaboradores, proveedores, contratistas subcontratistas y visitantes.<\/li>\n\n\n\n<li>Prevenir el impacto socio-ambiental y la contaminaci\u00f3n.<\/li>\n\n\n\n<li>Evitar da\u00f1o a la propiedad y terceros.<\/li>\n\n\n\n<li>Buscar eliminar los peligros y reducir los riesgos en seguridad y salud en trabajo.<\/li>\n\n\n\n<li>La consulta y participaci\u00f3n activa de los colaboradores de la organizaci\u00f3n.<\/li>\n\n\n\n<li>Satisfacer las necesidades de vigilancia y seguridad privada de los clientes, ante amenazas actuales y emergentes.<\/li>\n\n\n\n<li>Trabajar de forma articulada en la prevenci\u00f3n y tratamiento de los riesgos de la organizaci\u00f3n para la prevenci\u00f3n de actos il\u00edcitos, corrupci\u00f3n soborno, el lavado de activos y la financiaci\u00f3n del terrorismo que puedan afectar la integridad de la compa\u00f1\u00eda y el bienestar de nuestros Clientes, Proveedores y Colaboradores. <\/li>\n\n\n\n<li>Fomentar la Responsabilidad Social con los grupos de inter\u00e9s, el respeto por las culturas, creencias y tradiciones de los colaboradores y comunidades existentes en el entorno.<\/li>\n\n\n\n<li>Todos los colaboradores son responsables en la aplicaci\u00f3n de los procedimientos establecidos en el SIG y en mantener la integridad de los procesos, evitando que la compa\u00f1\u00eda sea utilizada en el LA\/FT.<\/li>\n\n\n\n<li>Esta pol\u00edtica ser\u00e1 publicada en todos los centros de trabajo y divulgada a todas las personas que trabajan bajo en control de la organizaci\u00f3n y estar\u00e1 disponible para las partes interesadas.<\/li>\n\n\n\n<li>Cumplir los programas y actividades de SEGURIDAD VIAL.<\/li>\n<\/ul>\n","protected":false},"excerpt":{"rendered":"<p>Qui\u00e9nes Somos Somos una compa\u00f1\u00eda de seguridad privada con todos los servicios autorizados (vigilancia fija, vigilancia m\u00f3vil, con la utilizaci\u00f3n de armas de fuego, sin armas ,medio tecnol\u00f3gico y servicios conexo de consultor\u00eda, asesor\u00eda e investigaci\u00f3n, escolta a personas, mercanc\u00edas y veh\u00edculos) fundada en 1980 y regulada por la Supervigilancia, con licencia vigente; hasta el &hellip;<\/p>\n<p class=\"read-more\"> <a class=\"\" href=\"https:\/\/universaldeseguridad.com\/index.php\/proposito\/\"> <span class=\"screen-reader-text\">Prop\u00f3sito<\/span> Leer m\u00e1s &raquo;<\/a><\/p>\n","protected":false},"author":1,"featured_media":0,"parent":0,"menu_order":0,"comment_status":"closed","ping_status":"closed","template":"","meta":{"_uag_custom_page_level_css":"","site-sidebar-layout":"default","site-content-layout":"default","ast-global-header-display":"","ast-banner-title-visibility":"","ast-main-header-display":"","ast-hfb-above-header-display":"","ast-hfb-below-header-display":"","ast-hfb-mobile-header-display":"","site-post-title":"","ast-breadcrumbs-content":"","ast-featured-img":"","footer-sml-layout":"","theme-transparent-header-meta":"","adv-header-id-meta":"","stick-header-meta":"","header-above-stick-meta":"","header-main-stick-meta":"","header-below-stick-meta":""},"uagb_featured_image_src":{"full":false,"thumbnail":false,"medium":false,"medium_large":false,"large":false,"1536x1536":false,"2048x2048":false},"uagb_author_info":{"display_name":"director","author_link":"https:\/\/universaldeseguridad.com\/index.php\/author\/director\/"},"uagb_comment_info":0,"uagb_excerpt":"Qui\u00e9nes Somos Somos una compa\u00f1\u00eda de seguridad privada con todos los servicios autorizados (vigilancia fija, vigilancia m\u00f3vil, con la utilizaci\u00f3n de armas de fuego, sin armas ,medio tecnol\u00f3gico y servicios conexo de consultor\u00eda, asesor\u00eda e investigaci\u00f3n, escolta a personas, mercanc\u00edas y veh\u00edculos) fundada en 1980 y regulada por la Supervigilancia, con licencia vigente; hasta el&hellip;","_links":{"self":[{"href":"https:\/\/universaldeseguridad.com\/index.php\/wp-json\/wp\/v2\/pages\/36"}],"collection":[{"href":"https:\/\/universaldeseguridad.com\/index.php\/wp-json\/wp\/v2\/pages"}],"about":[{"href":"https:\/\/universaldeseguridad.com\/index.php\/wp-json\/wp\/v2\/types\/page"}],"author":[{"embeddable":true,"href":"https:\/\/universaldeseguridad.com\/index.php\/wp-json\/wp\/v2\/users\/1"}],"replies":[{"embeddable":true,"href":"https:\/\/universaldeseguridad.com\/index.php\/wp-json\/wp\/v2\/comments?post=36"}],"version-history":[{"count":2,"href":"https:\/\/universaldeseguridad.com\/index.php\/wp-json\/wp\/v2\/pages\/36\/revisions"}],"predecessor-version":[{"id":155,"href":"https:\/\/universaldeseguridad.com\/index.php\/wp-json\/wp\/v2\/pages\/36\/revisions\/155"}],"wp:attachment":[{"href":"https:\/\/universaldeseguridad.com\/index.php\/wp-json\/wp\/v2\/media?parent=36"}],"curies":[{"name":"wp","href":"https:\/\/api.w.org\/{rel}","templated":true}]}}